{"id":672,"date":"2024-04-26T05:41:30","date_gmt":"2024-04-26T05:41:30","guid":{"rendered":"https:\/\/mzgweb.com.br\/tadeu-preview\/?page_id=672"},"modified":"2024-04-26T05:52:16","modified_gmt":"2024-04-26T05:52:16","slug":"quem-somos","status":"publish","type":"page","link":"https:\/\/mzgweb.com.br\/tadeu-preview\/es\/quem-somos\/","title":{"rendered":"Quem Somos"},"content":{"rendered":"<div data-elementor-type=\"wp-page\" data-elementor-id=\"672\" class=\"elementor elementor-672\">\n\t\t\t\t<div class=\"elementor-element elementor-element-4a3fba9d e-con-full e-flex elementor-invisible e-con e-parent\" data-id=\"4a3fba9d\" data-element_type=\"container\" data-settings=\"{&quot;animation&quot;:&quot;fadeInUp&quot;}\">\n\t\t<div class=\"elementor-element elementor-element-375b3a28 e-con-full e-flex e-con e-child\" data-id=\"375b3a28\" data-element_type=\"container\" data-settings=\"{&quot;background_background&quot;:&quot;classic&quot;}\">\n\t\t\t\t<div class=\"elementor-element elementor-element-3ca85c02 elementor-widget elementor-widget-heading\" data-id=\"3ca85c02\" data-element_type=\"widget\" data-widget_type=\"heading.default\">\n\t\t\t\t<div class=\"elementor-widget-container\">\n\t\t\t<style>\/*! elementor - v3.21.0 - 30-04-2024 *\/\n.elementor-heading-title{padding:0;margin:0;line-height:1}.elementor-widget-heading .elementor-heading-title[class*=elementor-size-]>a{color:inherit;font-size:inherit;line-height:inherit}.elementor-widget-heading .elementor-heading-title.elementor-size-small{font-size:15px}.elementor-widget-heading .elementor-heading-title.elementor-size-medium{font-size:19px}.elementor-widget-heading .elementor-heading-title.elementor-size-large{font-size:29px}.elementor-widget-heading .elementor-heading-title.elementor-size-xl{font-size:39px}.elementor-widget-heading .elementor-heading-title.elementor-size-xxl{font-size:59px}<\/style><h2 class=\"elementor-heading-title elementor-size-default\">QUEM SOMOS<\/h2>\t\t<\/div>\n\t\t\t\t<\/div>\n\t\t\t\t<\/div>\n\t\t\t\t<\/div>\n\t\t<div class=\"elementor-element elementor-element-bc4fa87 e-flex e-con-boxed elementor-invisible e-con e-parent\" data-id=\"bc4fa87\" data-element_type=\"container\" data-settings=\"{&quot;animation&quot;:&quot;fadeInUp&quot;}\">\n\t\t\t\t\t<div class=\"e-con-inner\">\n\t\t\t\t<div class=\"elementor-element elementor-element-ed6f5b4 elementor-widget elementor-widget-spacer\" data-id=\"ed6f5b4\" data-element_type=\"widget\" data-widget_type=\"spacer.default\">\n\t\t\t\t<div class=\"elementor-widget-container\">\n\t\t\t<style>\/*! elementor - v3.21.0 - 30-04-2024 *\/\n.elementor-column .elementor-spacer-inner{height:var(--spacer-size)}.e-con{--container-widget-width:100%}.e-con-inner>.elementor-widget-spacer,.e-con>.elementor-widget-spacer{width:var(--container-widget-width,var(--spacer-size));--align-self:var(--container-widget-align-self,initial);--flex-shrink:0}.e-con-inner>.elementor-widget-spacer>.elementor-widget-container,.e-con>.elementor-widget-spacer>.elementor-widget-container{height:100%;width:100%}.e-con-inner>.elementor-widget-spacer>.elementor-widget-container>.elementor-spacer,.e-con>.elementor-widget-spacer>.elementor-widget-container>.elementor-spacer{height:100%}.e-con-inner>.elementor-widget-spacer>.elementor-widget-container>.elementor-spacer>.elementor-spacer-inner,.e-con>.elementor-widget-spacer>.elementor-widget-container>.elementor-spacer>.elementor-spacer-inner{height:var(--container-widget-height,var(--spacer-size))}.e-con-inner>.elementor-widget-spacer.elementor-widget-empty,.e-con>.elementor-widget-spacer.elementor-widget-empty{position:relative;min-height:22px;min-width:22px}.e-con-inner>.elementor-widget-spacer.elementor-widget-empty .elementor-widget-empty-icon,.e-con>.elementor-widget-spacer.elementor-widget-empty .elementor-widget-empty-icon{position:absolute;top:0;bottom:0;left:0;right:0;margin:auto;padding:0;width:22px;height:22px}<\/style>\t\t<div class=\"elementor-spacer\">\n\t\t\t<div class=\"elementor-spacer-inner\"><\/div>\n\t\t<\/div>\n\t\t\t\t<\/div>\n\t\t\t\t<\/div>\n\t\t\t\t<div class=\"elementor-element elementor-element-bf7cd5f elementor-widget elementor-widget-text-editor\" data-id=\"bf7cd5f\" data-element_type=\"widget\" data-widget_type=\"text-editor.default\">\n\t\t\t\t<div class=\"elementor-widget-container\">\n\t\t\t<style>\/*! elementor - v3.21.0 - 30-04-2024 *\/\n.elementor-widget-text-editor.elementor-drop-cap-view-stacked .elementor-drop-cap{background-color:#69727d;color:#fff}.elementor-widget-text-editor.elementor-drop-cap-view-framed .elementor-drop-cap{color:#69727d;border:3px solid;background-color:transparent}.elementor-widget-text-editor:not(.elementor-drop-cap-view-default) .elementor-drop-cap{margin-top:8px}.elementor-widget-text-editor:not(.elementor-drop-cap-view-default) .elementor-drop-cap-letter{width:1em;height:1em}.elementor-widget-text-editor .elementor-drop-cap{float:left;text-align:center;line-height:1;font-size:50px}.elementor-widget-text-editor .elementor-drop-cap-letter{display:inline-block}<\/style>\t\t\t\t<p><span style=\"font-weight: 400;\">Uma verdadeira jornada familiar, com muita determina\u00e7\u00e3o, trabalho \u00e1rduo e supera\u00e7\u00e3o.<\/span><\/p><p><span style=\"font-weight: 400;\">A hist\u00f3ria da Tadeu remonta mais de um s\u00e9culo atr\u00e1s, quando Gotardo Cisz iniciou suas atividades com uma pequena ferramentaria, e com a ajuda do filho, Ot\u00e1vio Cisz, que herdou o mesmo talento do pai, eles se dedicavam arduamente a atender a regi\u00e3o de Massaranduba.<\/span><\/p><p><span style=\"font-weight: 400;\">De gera\u00e7\u00e3o em gera\u00e7\u00e3o, os filhos deram continuidade aos neg\u00f3cios da fam\u00edlia, e em 1981, Tadeus Cisz (filho de Ot\u00e1vio) e seu filho Edson Cisz (ainda pequeno), assumem o neg\u00f3cio, e o que era apenas uma ferramentaria passa a crescer e fabricar arados e carretas de madeira. Assim, naquele ano, a empresa passa a se chamar F\u00e1brica de Implementos Agricolas Tadeu Ltda.<\/span><\/p><p><span style=\"font-weight: 400;\">Com a evolu\u00e7\u00e3o tecnol\u00f3gica, a empresa foi se adaptando e crescendo, enfrentando desafios e superando obst\u00e1culos. Ap\u00f3s alguns anos, em 1996, Edson assumiu a lideran\u00e7a, e com uma vis\u00e3o empreendedora, fez investimentos e parcerias estrat\u00e9gicas, que ocasionaram um resultado significativo para a empresa, assim como, a aquisi\u00e7\u00e3o do primeiro caminh\u00e3o para entregas.<\/span><\/p><p><span style=\"font-weight: 400;\">Hoje, sob a dire\u00e7\u00e3o do filho de Edson, Emerson Cisz, a Tadeu Implementos \u00e9 uma refer\u00eancia no mercado agr\u00edcola. Com uma equipe dedicada e comprometida, a empresa se destaca pela qualidade, confiabilidade e compromisso com seus clientes.<\/span><\/p>\t\t\t\t\t\t<\/div>\n\t\t\t\t<\/div>\n\t\t\t\t\t<\/div>\n\t\t\t\t<\/div>\n\t\t<div class=\"elementor-element elementor-element-97774ab e-con-full e-flex elementor-invisible e-con e-parent\" data-id=\"97774ab\" data-element_type=\"container\" data-settings=\"{&quot;animation&quot;:&quot;fadeInUp&quot;}\">\n\t\t<div class=\"elementor-element elementor-element-3fca355 e-con-full e-flex e-con e-child\" data-id=\"3fca355\" data-element_type=\"container\" data-settings=\"{&quot;background_background&quot;:&quot;classic&quot;}\">\n\t\t\t\t<div class=\"elementor-element elementor-element-5a1956f elementor-widget elementor-widget-spacer\" data-id=\"5a1956f\" data-element_type=\"widget\" data-widget_type=\"spacer.default\">\n\t\t\t\t<div class=\"elementor-widget-container\">\n\t\t\t\t\t<div class=\"elementor-spacer\">\n\t\t\t<div class=\"elementor-spacer-inner\"><\/div>\n\t\t<\/div>\n\t\t\t\t<\/div>\n\t\t\t\t<\/div>\n\t\t\t\t<\/div>\n\t\t\t\t<div class=\"elementor-element elementor-element-75c68c1 elementor-widget elementor-widget-text-editor\" data-id=\"75c68c1\" data-element_type=\"widget\" data-widget_type=\"text-editor.default\">\n\t\t\t\t<div class=\"elementor-widget-container\">\n\t\t\t\t\t\t\t<p><h3><b>MISS\u00c3O<\/b><\/h3>Desenvolver produtos inovadores, dur\u00e1veis e de alta qualidade que atendam \u00e0s necessidades espec\u00edficas dos nossos clientes, contribuindo para o crescimento do setor agr\u00edcola e para a melhoria da qualidade de vida no campo.<\/p>\n<p><h3><b>VIS\u00c3O<\/b><\/h3>Ser refer\u00eancia no segmento, oferecendo produtos inovadores e de alta qualidade para atender \u00e0s necessidades dos agricultores. Buscando constantemente a excel\u00eancia em nossos produtos, garantindo a satisfa\u00e7\u00e3o dos clientes e contribuindo para o desenvolvimento do setor agr\u00edcola.<\/p>\n<p><h3><b>VALORES<\/b><\/h3>Possu\u00edmos valores fundamentais que norteiam todas as nossas atividades e decis\u00f5es. Para garantir a satisfa\u00e7\u00e3o dos clientes e o sucesso do neg\u00f3cio, nossos valores s\u00e3o:<br><br>\u2022 A qualidade dos produtos;<br>\u2022 A inova\u00e7\u00e3o constante;<br>\u2022 A \u00e9tica nas rela\u00e7\u00f5es comerciais;<br>\u2022 E o respeito ao meio ambiente.<\/p>\t\t\t\t\t\t<\/div>\n\t\t\t\t<\/div>\n\t\t\t\t<div class=\"elementor-element elementor-element-44312b4 elementor-widget elementor-widget-spacer\" data-id=\"44312b4\" data-element_type=\"widget\" data-widget_type=\"spacer.default\">\n\t\t\t\t<div class=\"elementor-widget-container\">\n\t\t\t\t\t<div class=\"elementor-spacer\">\n\t\t\t<div class=\"elementor-spacer-inner\"><\/div>\n\t\t<\/div>\n\t\t\t\t<\/div>\n\t\t\t\t<\/div>\n\t\t\t\t<\/div>\n\t\t\t\t<\/div>","protected":false},"excerpt":{"rendered":"<p>QUEM SOMOS Uma verdadeira jornada familiar, com muita determina\u00e7\u00e3o, trabalho \u00e1rduo e supera\u00e7\u00e3o. A hist\u00f3ria da Tadeu remonta mais de um s\u00e9culo atr\u00e1s, quando Gotardo Cisz iniciou suas atividades com uma pequena ferramentaria, e com a ajuda do filho, Ot\u00e1vio Cisz, que herdou o mesmo talento do pai, eles se dedicavam arduamente a atender a [&hellip;]<\/p>","protected":false},"author":1,"featured_media":0,"parent":0,"menu_order":0,"comment_status":"closed","ping_status":"closed","template":"","meta":{"footnotes":""},"class_list":["post-672","page","type-page","status-publish","hentry"],"_links":{"self":[{"href":"https:\/\/mzgweb.com.br\/tadeu-preview\/es\/wp-json\/wp\/v2\/pages\/672","targetHints":{"allow":["GET"]}}],"collection":[{"href":"https:\/\/mzgweb.com.br\/tadeu-preview\/es\/wp-json\/wp\/v2\/pages"}],"about":[{"href":"https:\/\/mzgweb.com.br\/tadeu-preview\/es\/wp-json\/wp\/v2\/types\/page"}],"author":[{"embeddable":true,"href":"https:\/\/mzgweb.com.br\/tadeu-preview\/es\/wp-json\/wp\/v2\/users\/1"}],"replies":[{"embeddable":true,"href":"https:\/\/mzgweb.com.br\/tadeu-preview\/es\/wp-json\/wp\/v2\/comments?post=672"}],"version-history":[{"count":22,"href":"https:\/\/mzgweb.com.br\/tadeu-preview\/es\/wp-json\/wp\/v2\/pages\/672\/revisions"}],"predecessor-version":[{"id":695,"href":"https:\/\/mzgweb.com.br\/tadeu-preview\/es\/wp-json\/wp\/v2\/pages\/672\/revisions\/695"}],"wp:attachment":[{"href":"https:\/\/mzgweb.com.br\/tadeu-preview\/es\/wp-json\/wp\/v2\/media?parent=672"}],"curies":[{"name":"wp","href":"https:\/\/api.w.org\/{rel}","templated":true}]}}